{"id":719,"date":"2021-05-13T18:15:46","date_gmt":"2021-05-13T16:15:46","guid":{"rendered":"https:\/\/geomapsrl.it\/wp\/home\/"},"modified":"2021-05-23T19:16:47","modified_gmt":"2021-05-23T17:16:47","slug":"home","status":"publish","type":"page","link":"https:\/\/geomapsrl.it\/fr\/home\/","title":{"rendered":"Accueil"},"content":{"rendered":"<div   class='avia-fullscreen-slider main_color   avia-builder-el-0  el_before_av_section  avia-builder-el-first  container_wrap fullsize'  ><a href='#next-section' title='' class='scroll-down-link av-control-hidden avia-svg-icon avia-font-svg_entypo-fontello' data-av_svg_icon='down-open-mini' data-av_iconset='svg_entypo-fontello'><svg version=\"1.1\" xmlns=\"http:\/\/www.w3.org\/2000\/svg\" width=\"15\" height=\"32\" viewBox=\"0 0 15 32\" preserveAspectRatio=\"xMidYMid meet\" aria-labelledby='av-svg-title-1' aria-describedby='av-svg-desc-1' role=\"graphics-symbol\" aria-hidden=\"true\">\n<title id='av-svg-title-1'>Scroller vers la prochaine section<\/title>\n<desc id='av-svg-desc-1'>Scroller vers la prochaine section<\/desc>\n<path d=\"M12.96 12.16q0.704-0.832 1.536 0 0.832 0.704 0 1.536l-6.272 6.144q-0.704 0.704-1.536 0l-6.272-6.144q-0.832-0.832 0-1.536 0.768-0.768 1.6 0l5.44 4.992z\"><\/path>\n<\/svg><\/a><div  class='avia-slideshow av-4hj4r-54fb21bc4d1a4edaaa03194d30ef9745 avia-slideshow-large av_fullscreen avia-fade-slider av-slideshow-ui av-control-hidden av-no-slider-navigation av-hide-nav-arrows av-slideshow-autoplay av-loop-endless av-loop-manual-endless av-slider-scroll-down-active av-default-height-applied   avia-slideshow-1' data-slideshow-options=\"{&quot;animation&quot;:&quot;fade&quot;,&quot;autoplay&quot;:true,&quot;loop_autoplay&quot;:&quot;endless&quot;,&quot;interval&quot;:3,&quot;loop_manual&quot;:&quot;manual-endless&quot;,&quot;autoplay_stopper&quot;:false,&quot;noNavigation&quot;:true,&quot;bg_slider&quot;:true,&quot;keep_padding&quot;:false,&quot;hoverpause&quot;:false,&quot;show_slide_delay&quot;:0,&quot;slide_height&quot;:&quot;100&quot;,&quot;image_attachment&quot;:&quot;&quot;}\"  itemprop=\"image\" itemscope=\"itemscope\" itemtype=\"https:\/\/schema.org\/ImageObject\" ><ul class='avia-slideshow-inner ' style='padding-bottom: 38.078291814947%;'><li style='background-position:center center;' data-img-url='https:\/\/geomapsrl.it\/wp\/wp-content\/uploads\/2020\/12\/slider_campagna1.jpg' class='avia-slideshow-slide av-4hj4r-54fb21bc4d1a4edaaa03194d30ef9745__0  slide-1 slide-odd'><div data-rel='slideshow-1' class='avia-slide-wrap '   ><\/div><\/li><li style='background-position:center center;' data-img-url='https:\/\/geomapsrl.it\/wp\/wp-content\/uploads\/2021\/04\/H_BANNER4.jpg' class='avia-slideshow-slide av-4hj4r-54fb21bc4d1a4edaaa03194d30ef9745__1  slide-2 slide-even'><div data-rel='slideshow-1' class='avia-slide-wrap '   ><\/div><\/li><li style='background-position:center center;' data-img-url='https:\/\/geomapsrl.it\/wp\/wp-content\/uploads\/2020\/12\/slider_campagna3.jpg' class='avia-slideshow-slide av-4hj4r-54fb21bc4d1a4edaaa03194d30ef9745__2  slide-3 slide-odd'><div data-rel='slideshow-1' class='avia-slide-wrap '   ><\/div><\/li><li style='background-position:center center;' data-img-url='https:\/\/geomapsrl.it\/wp\/wp-content\/uploads\/2021\/04\/H_BANNER1.jpg' class='avia-slideshow-slide av-4hj4r-54fb21bc4d1a4edaaa03194d30ef9745__3  slide-4 slide-even'><div data-rel='slideshow-1' class='avia-slide-wrap '   ><\/div><\/li><li style='background-position:center center;' data-img-url='https:\/\/geomapsrl.it\/wp\/wp-content\/uploads\/2020\/12\/slider_campagna4.jpg' class='avia-slideshow-slide av-4hj4r-54fb21bc4d1a4edaaa03194d30ef9745__4  slide-5 slide-odd'><div data-rel='slideshow-1' class='avia-slide-wrap '   ><\/div><\/li><li style='background-position:center center;' data-img-url='https:\/\/geomapsrl.it\/wp\/wp-content\/uploads\/2020\/12\/slider_campagna8.jpg' class='avia-slideshow-slide av-4hj4r-54fb21bc4d1a4edaaa03194d30ef9745__5  slide-6 slide-even'><div data-rel='slideshow-1' class='avia-slide-wrap '   ><\/div><\/li><li style='background-position:center center;' data-img-url='https:\/\/geomapsrl.it\/wp\/wp-content\/uploads\/2020\/12\/slider_immagini1.jpg' class='avia-slideshow-slide av-4hj4r-54fb21bc4d1a4edaaa03194d30ef9745__6  slide-7 slide-odd'><div data-rel='slideshow-1' class='avia-slide-wrap '   ><\/div><\/li><li style='background-position:center center;' data-img-url='https:\/\/geomapsrl.it\/wp\/wp-content\/uploads\/2021\/04\/H_BANNER3.jpg' class='avia-slideshow-slide av-4hj4r-54fb21bc4d1a4edaaa03194d30ef9745__7  slide-8 slide-even'><div data-rel='slideshow-1' class='avia-slide-wrap '   ><\/div><\/li><li style='background-position:center center;' data-img-url='https:\/\/geomapsrl.it\/wp\/wp-content\/uploads\/2021\/04\/H_BANNER6.jpg' class='avia-slideshow-slide av-4hj4r-54fb21bc4d1a4edaaa03194d30ef9745__8  slide-9 slide-odd'><div data-rel='slideshow-1' class='avia-slide-wrap '   ><\/div><\/li><li style='background-position:center center;' data-img-url='https:\/\/geomapsrl.it\/wp\/wp-content\/uploads\/2021\/04\/H_BANNER2.jpg' class='avia-slideshow-slide av-4hj4r-54fb21bc4d1a4edaaa03194d30ef9745__9  slide-10 slide-even'><div data-rel='slideshow-1' class='avia-slide-wrap '   ><\/div><\/li><li style='background-position:center center;' data-img-url='https:\/\/geomapsrl.it\/wp\/wp-content\/uploads\/2021\/04\/H_BANNER5.jpg' class='avia-slideshow-slide av-4hj4r-54fb21bc4d1a4edaaa03194d30ef9745__10  slide-11 slide-odd'><div data-rel='slideshow-1' class='avia-slide-wrap '   ><\/div><\/li><li style='background-position:center center;' data-img-url='https:\/\/geomapsrl.it\/wp\/wp-content\/uploads\/2021\/04\/H_BANNER7.jpg' class='avia-slideshow-slide av-4hj4r-54fb21bc4d1a4edaaa03194d30ef9745__11  slide-12 slide-even'><div data-rel='slideshow-1' class='avia-slide-wrap '   ><\/div><\/li><\/ul><div class='avia-slideshow-arrows avia-slideshow-controls' ><a href='#prev' class='prev-slide  avia-svg-icon avia-font-svg_entypo-fontello' data-av_svg_icon='left-open-big' data-av_iconset='svg_entypo-fontello' tabindex='-1' title=\"Pr\u00e9c\u00e9dent\"><svg version=\"1.1\" xmlns=\"http:\/\/www.w3.org\/2000\/svg\" width=\"15\" height=\"32\" viewBox=\"0 0 15 32\" preserveAspectRatio=\"xMidYMid meet\" aria-labelledby='av-svg-title-2' aria-describedby='av-svg-desc-2' role=\"graphics-symbol\" aria-hidden=\"true\">\n<title id='av-svg-title-2'>Pr\u00e9c\u00e9dent<\/title>\n<desc id='av-svg-desc-2'>Pr\u00e9c\u00e9dent<\/desc>\n<path d=\"M14.464 27.84q0.832 0.832 0 1.536-0.832 0.832-1.536 0l-12.544-12.608q-0.768-0.768 0-1.6l12.544-12.608q0.704-0.832 1.536 0 0.832 0.704 0 1.536l-11.456 11.904z\"><\/path>\n<\/svg><span class='avia_hidden_link_text'>Pr\u00e9c\u00e9dent<\/span><\/a><a href='#next' class='next-slide  avia-svg-icon avia-font-svg_entypo-fontello' data-av_svg_icon='right-open-big' data-av_iconset='svg_entypo-fontello' tabindex='-1' title=\"Suivant\"><svg version=\"1.1\" xmlns=\"http:\/\/www.w3.org\/2000\/svg\" width=\"15\" height=\"32\" viewBox=\"0 0 15 32\" preserveAspectRatio=\"xMidYMid meet\" aria-labelledby='av-svg-title-3' aria-describedby='av-svg-desc-3' role=\"graphics-symbol\" aria-hidden=\"true\">\n<title id='av-svg-title-3'>Suivant<\/title>\n<desc id='av-svg-desc-3'>Suivant<\/desc>\n<path d=\"M0.416 27.84l11.456-11.84-11.456-11.904q-0.832-0.832 0-1.536 0.832-0.832 1.536 0l12.544 12.608q0.768 0.832 0 1.6l-12.544 12.608q-0.704 0.832-1.536 0-0.832-0.704 0-1.536z\"><\/path>\n<\/svg><span class='avia_hidden_link_text'>Suivant<\/span><\/a><\/div><div class='av-slideshow-caption av-4hj4r-54fb21bc4d1a4edaaa03194d30ef9745__0 caption_fullwidth caption_bottom'><div class=\"container caption_container\"><div class=\"slideshow_caption\"><div class=\"slideshow_inner_caption\"><div class=\"slideshow_align_caption\"><h2 class='avia-caption-title '  itemprop=\"name\" >L\u2019innovation par la tradition<\/h2><\/div><\/div><\/div><\/div><\/div><\/div><\/div>\n<div id='av_section_1'  class='avia-section av-3wjqb-fff1822a0de53708f5c743997b094064 main_color avia-section-default avia-no-border-styling  avia-builder-el-1  el_after_av_fullscreen  avia-builder-el-last  avia-bg-style-scroll container_wrap fullsize'  ><div class='container av-section-cont-open' ><div class='template-page content  av-content-full alpha units'><div class='post-entry post-entry-type-page post-entry-719'><div class='entry-content-wrapper clearfix'>\n\n<style type=\"text\/css\" data-created_by=\"avia_inline_auto\" id=\"style-css-av-3jbq7-3346eaec3f3c7331d2360d31b0e4297e\">\n.flex_column.av-3jbq7-3346eaec3f3c7331d2360d31b0e4297e{\nborder-radius:0px 0px 0px 0px;\npadding:0px 0px 0px 0px;\n}\n<\/style>\n<div  class='flex_column av-3jbq7-3346eaec3f3c7331d2360d31b0e4297e av_one_full  avia-builder-el-2  el_before_av_one_third  avia-builder-el-first  first flex_column_div av-zero-column-padding  '     ><section  class='av_textblock_section av-2nc3v-598f81274c31cbf216707eefe130f1c5 '   itemscope=\"itemscope\" itemtype=\"https:\/\/schema.org\/CreativeWork\" ><div class='avia_textblock'  itemprop=\"text\" ><p><strong>GEOMAP Srl<\/strong> est une soci\u00e9t\u00e9 d\u2019ing\u00e9gnerie \u00e0 responsabilit\u00e9 limit\u00e9e ayant pour objet la prestation de services et la r\u00e9alisation d\u2019\u00e9tudes dans les domaines de la g\u00e9ologie appliqu\u00e9e, de l\u2019hydrog\u00e9ologie, de l\u2019am\u00e9nagement et la protection du territoire et de l\u2019environnement, de la recherche et \u00e9valuation des ressources naturelles, des syst\u00e8mes informations g\u00e9ographiques (SIG) et de la cartographie th\u00e9matique.<\/p>\n<p><strong>GEOMAP srl \u2013 Societ\u00e0 di ingegneria<\/strong> est n\u00e9 comme une \u00e9volution du bureau d\u2019\u00e9tudes Geomap Studio Geologico, dont l\u2019activit\u00e9 d\u00e9bute en 1958 avec le professeur Enrico Marchesini et les g\u00e9ologues Sergio Bemporad, Carlo Conedera, Pietro Dainelli, Alessandro Ercoli et Paolo Facibeni, tr\u00e8s connu en Italie comme \u00e0 l&rsquo;\u00e9tranger, non seulement pour la grande qualit\u00e9 de son travail, mais aussi pour les vertus professionnelles et humaines de ses membres.<\/p>\n<p>L\u2019activit\u00e9 <strong>GEOMAP<\/strong> couvre tous les aspects li\u00e9s \u00e0 la collecte, l\u2019analyse et la gestion des donn\u00e9es territoriales et se r\u00e9alise par lev\u00e9 directe de terrain, interpr\u00e9tation de photos a\u00e9riennes et terrestres, traitement et interpr\u00e9tation d\u2019images de t\u00e9l\u00e9d\u00e9tection (a\u00e9rienne et satellitaire), conception, construction et mise \u00e0 jour des bases de donn\u00e9es g\u00e9ographiques, acquisition et traitement de donn\u00e9es spatiales, assistance technique et formation professionnelle.<\/p>\n<\/div><\/section><\/div>\n<style type=\"text\/css\" data-created_by=\"avia_inline_auto\" id=\"style-css-av-26vqv-f6d4a6369e860b8563790ef188cff4a6\">\n.flex_column.av-26vqv-f6d4a6369e860b8563790ef188cff4a6{\nborder-radius:0px 0px 0px 0px;\npadding:0px 0px 0px 0px;\n}\n<\/style>\n<div  class='flex_column av-26vqv-f6d4a6369e860b8563790ef188cff4a6 av_one_third  avia-builder-el-4  el_after_av_one_full  el_before_av_one_third  first flex_column_div av-zero-column-padding  column-top-margin'     ><style type=\"text\/css\" data-created_by=\"avia_inline_auto\" id=\"style-css-av-kisuakm6-250c8e007d7f2f89fe410015cfd7f6f6\">\n.avia-image-container.av-kisuakm6-250c8e007d7f2f89fe410015cfd7f6f6 img.avia_image{\nbox-shadow:none;\n}\n.avia-image-container.av-kisuakm6-250c8e007d7f2f89fe410015cfd7f6f6 .av-caption-image-overlay-bg{\nopacity:0.4;\nbackground-color:#000000;\n}\n.avia-image-container.av-kisuakm6-250c8e007d7f2f89fe410015cfd7f6f6 .av-image-caption-overlay-center{\ncolor:#ffffff;\nfont-size:30px;\n}\n<\/style>\n<div  class='avia-image-container av-kisuakm6-250c8e007d7f2f89fe410015cfd7f6f6 av-styling-circle av-img-linked avia-align-center  avia-builder-el-5  avia-builder-el-no-sibling  noHover av-overlay-hover-deactivate'   itemprop=\"image\" itemscope=\"itemscope\" itemtype=\"https:\/\/schema.org\/ImageObject\" ><div class=\"avia-image-container-inner\"><div class=\"avia-image-overlay-wrap\"><a href=\"https:\/\/geomapsrl.it\/fr\/activite-et-type-de-clientele\/\" class='avia_image '  aria-label='bottone_home_attivita'><div class=\"av-image-caption-overlay\"><div class=\"av-caption-image-overlay-bg\"><\/div><div class=\"av-image-caption-overlay-position\"><div class=\"av-image-caption-overlay-center\"><p><span style=\"font-weight: 400;\">ACTIVIT\u00c8<\/span><\/p>\n<\/div><\/div><\/div><img decoding=\"async\" fetchpriority=\"high\" class='wp-image-969 avia-img-lazy-loading-not-969 avia_image ' src=\"https:\/\/geomapsrl.it\/wp\/wp-content\/uploads\/2020\/12\/bottone_home_attivita-300x243.jpg\" alt='' title='bottone_home_attivita'  height=\"243\" width=\"300\"  itemprop=\"thumbnailUrl\" srcset=\"https:\/\/geomapsrl.it\/wp\/wp-content\/uploads\/2020\/12\/bottone_home_attivita-300x243.jpg 300w, https:\/\/geomapsrl.it\/wp\/wp-content\/uploads\/2020\/12\/bottone_home_attivita-768x622.jpg 768w, https:\/\/geomapsrl.it\/wp\/wp-content\/uploads\/2020\/12\/bottone_home_attivita-495x400.jpg 495w, https:\/\/geomapsrl.it\/wp\/wp-content\/uploads\/2020\/12\/bottone_home_attivita.jpg 845w, https:\/\/geomapsrl.it\/wp\/wp-content\/uploads\/2020\/12\/bottone_home_attivita-705x571.jpg 705w\" sizes=\"(max-width: 300px) 100vw, 300px\" \/><\/a><\/div><\/div><\/div><\/div>\n<style type=\"text\/css\" data-created_by=\"avia_inline_auto\" id=\"style-css-av-1ch2j-237520b0d8920a29d654e3cbf77702b3\">\n.flex_column.av-1ch2j-237520b0d8920a29d654e3cbf77702b3{\nborder-radius:0px 0px 0px 0px;\npadding:0px 0px 0px 0px;\n}\n<\/style>\n<div  class='flex_column av-1ch2j-237520b0d8920a29d654e3cbf77702b3 av_one_third  avia-builder-el-6  el_after_av_one_third  el_before_av_one_third  flex_column_div av-zero-column-padding  column-top-margin'     ><style type=\"text\/css\" data-created_by=\"avia_inline_auto\" id=\"style-css-av-kisuakm6-ff940bbba0adfa4b953d224c99836d81\">\n.avia-image-container.av-kisuakm6-ff940bbba0adfa4b953d224c99836d81 img.avia_image{\nbox-shadow:none;\n}\n.avia-image-container.av-kisuakm6-ff940bbba0adfa4b953d224c99836d81 .av-caption-image-overlay-bg{\nopacity:0.4;\nbackground-color:#000000;\n}\n.avia-image-container.av-kisuakm6-ff940bbba0adfa4b953d224c99836d81 .av-image-caption-overlay-center{\ncolor:#ffffff;\nfont-size:30px;\n}\n<\/style>\n<div  class='avia-image-container av-kisuakm6-ff940bbba0adfa4b953d224c99836d81 av-styling-circle av-img-linked avia-align-center  avia-builder-el-7  avia-builder-el-no-sibling  noHover av-overlay-hover-deactivate'   itemprop=\"image\" itemscope=\"itemscope\" itemtype=\"https:\/\/schema.org\/ImageObject\" ><div class=\"avia-image-container-inner\"><div class=\"avia-image-overlay-wrap\"><a href=\"https:\/\/geomapsrl.it\/progetti\/\" class='avia_image '  aria-label='bottone_home_progetti'><div class=\"av-image-caption-overlay\"><div class=\"av-caption-image-overlay-bg\"><\/div><div class=\"av-image-caption-overlay-position\"><div class=\"av-image-caption-overlay-center\"><p><span style=\"font-weight: 400;\">PROJETS<\/span><\/p>\n<\/div><\/div><\/div><img decoding=\"async\" fetchpriority=\"high\" class='wp-image-964 avia-img-lazy-loading-not-964 avia_image ' src=\"https:\/\/geomapsrl.it\/wp\/wp-content\/uploads\/2020\/12\/bottone_home_progetti-300x242.jpg\" alt='' title='bottone_home_progetti'  height=\"242\" width=\"300\"  itemprop=\"thumbnailUrl\" srcset=\"https:\/\/geomapsrl.it\/wp\/wp-content\/uploads\/2020\/12\/bottone_home_progetti-300x242.jpg 300w, https:\/\/geomapsrl.it\/wp\/wp-content\/uploads\/2020\/12\/bottone_home_progetti-768x620.jpg 768w, https:\/\/geomapsrl.it\/wp\/wp-content\/uploads\/2020\/12\/bottone_home_progetti-495x400.jpg 495w, https:\/\/geomapsrl.it\/wp\/wp-content\/uploads\/2020\/12\/bottone_home_progetti-705x569.jpg 705w, https:\/\/geomapsrl.it\/wp\/wp-content\/uploads\/2020\/12\/bottone_home_progetti.jpg 845w\" sizes=\"(max-width: 300px) 100vw, 300px\" \/><\/a><\/div><\/div><\/div><\/div>\n<style type=\"text\/css\" data-created_by=\"avia_inline_auto\" id=\"style-css-av-vo4r-ec980b63c4ca60c6ade32441d475f8ef\">\n.flex_column.av-vo4r-ec980b63c4ca60c6ade32441d475f8ef{\nborder-radius:0px 0px 0px 0px;\npadding:0px 0px 0px 0px;\n}\n<\/style>\n<div  class='flex_column av-vo4r-ec980b63c4ca60c6ade32441d475f8ef av_one_third  avia-builder-el-8  el_after_av_one_third  avia-builder-el-last  flex_column_div av-zero-column-padding  column-top-margin'     ><style type=\"text\/css\" data-created_by=\"avia_inline_auto\" id=\"style-css-av-kisuakm6-57b6121554dad8b37a2b6494a62b0b6a\">\n.avia-image-container.av-kisuakm6-57b6121554dad8b37a2b6494a62b0b6a img.avia_image{\nbox-shadow:none;\n}\n.avia-image-container.av-kisuakm6-57b6121554dad8b37a2b6494a62b0b6a .av-caption-image-overlay-bg{\nopacity:0.4;\nbackground-color:#000000;\n}\n.avia-image-container.av-kisuakm6-57b6121554dad8b37a2b6494a62b0b6a .av-image-caption-overlay-center{\ncolor:#ffffff;\nfont-size:30px;\n}\n<\/style>\n<div  class='avia-image-container av-kisuakm6-57b6121554dad8b37a2b6494a62b0b6a av-styling-circle av-img-linked avia-align-center  avia-builder-el-9  avia-builder-el-no-sibling  noHover av-overlay-hover-deactivate'   itemprop=\"image\" itemscope=\"itemscope\" itemtype=\"https:\/\/schema.org\/ImageObject\" ><div class=\"avia-image-container-inner\"><div class=\"avia-image-overlay-wrap\"><a href=\"https:\/\/geomapsrl.it\/fr\/staff-professionnel-et-technique\/\" class='avia_image '  aria-label='bottone_home_chisiamo'><div class=\"av-image-caption-overlay\"><div class=\"av-caption-image-overlay-bg\"><\/div><div class=\"av-image-caption-overlay-position\"><div class=\"av-image-caption-overlay-center\"><p><span style=\"font-weight: 400;\">\u00c0<\/span><span style=\"font-weight: 400;\"> PROPOS DE NOUS<\/span><\/p>\n<\/div><\/div><\/div><img decoding=\"async\" fetchpriority=\"high\" class='wp-image-967 avia-img-lazy-loading-not-967 avia_image ' src=\"https:\/\/geomapsrl.it\/wp\/wp-content\/uploads\/2020\/12\/bottone_home_chisiamo-300x243.jpg\" alt='' title='bottone_home_chisiamo'  height=\"243\" width=\"300\"  itemprop=\"thumbnailUrl\" srcset=\"https:\/\/geomapsrl.it\/wp\/wp-content\/uploads\/2020\/12\/bottone_home_chisiamo-300x243.jpg 300w, https:\/\/geomapsrl.it\/wp\/wp-content\/uploads\/2020\/12\/bottone_home_chisiamo-768x622.jpg 768w, https:\/\/geomapsrl.it\/wp\/wp-content\/uploads\/2020\/12\/bottone_home_chisiamo-495x400.jpg 495w, https:\/\/geomapsrl.it\/wp\/wp-content\/uploads\/2020\/12\/bottone_home_chisiamo.jpg 845w, https:\/\/geomapsrl.it\/wp\/wp-content\/uploads\/2020\/12\/bottone_home_chisiamo-705x571.jpg 705w\" sizes=\"(max-width: 300px) 100vw, 300px\" \/><\/a><\/div><\/div><\/div><\/div>\n","protected":false},"excerpt":{"rendered":"","protected":false},"author":1,"featured_media":0,"parent":0,"menu_order":0,"comment_status":"closed","ping_status":"closed","template":"","meta":{"footnotes":""},"class_list":["post-719","page","type-page","status-publish","hentry"],"yoast_head":"<!-- This site is optimized with the Yoast SEO plugin v25.3.1 - https:\/\/yoast.com\/wordpress\/plugins\/seo\/ -->\n<title>Accueil - Geomap S.r.l.<\/title>\n<meta name=\"robots\" content=\"index, follow, max-snippet:-1, max-image-preview:large, max-video-preview:-1\" \/>\n<link rel=\"canonical\" href=\"https:\/\/geomapsrl.it\/fr\/home\/\" \/>\n<meta property=\"og:locale\" content=\"fr_FR\" \/>\n<meta property=\"og:type\" content=\"article\" \/>\n<meta property=\"og:title\" content=\"Accueil - Geomap S.r.l.\" \/>\n<meta property=\"og:url\" content=\"https:\/\/geomapsrl.it\/fr\/home\/\" \/>\n<meta property=\"og:site_name\" content=\"Geomap S.r.l.\" \/>\n<meta property=\"article:publisher\" content=\"https:\/\/www.facebook.com\/geomapsrl\" \/>\n<meta property=\"article:modified_time\" content=\"2021-05-23T17:16:47+00:00\" \/>\n<meta name=\"twitter:card\" content=\"summary_large_image\" \/>\n<meta name=\"twitter:label1\" content=\"Dur\u00e9e de lecture estim\u00e9e\" \/>\n\t<meta name=\"twitter:data1\" content=\"14 minutes\" \/>\n<script type=\"application\/ld+json\" class=\"yoast-schema-graph\">{\"@context\":\"https:\/\/schema.org\",\"@graph\":[{\"@type\":\"WebPage\",\"@id\":\"https:\/\/geomapsrl.it\/fr\/home\/\",\"url\":\"https:\/\/geomapsrl.it\/fr\/home\/\",\"name\":\"Accueil - Geomap S.r.l.\",\"isPartOf\":{\"@id\":\"https:\/\/geomapsrl.it\/fr\/#website\"},\"datePublished\":\"2021-05-13T16:15:46+00:00\",\"dateModified\":\"2021-05-23T17:16:47+00:00\",\"breadcrumb\":{\"@id\":\"https:\/\/geomapsrl.it\/fr\/home\/#breadcrumb\"},\"inLanguage\":\"fr-FR\",\"potentialAction\":[{\"@type\":\"ReadAction\",\"target\":[\"https:\/\/geomapsrl.it\/fr\/home\/\"]}]},{\"@type\":\"BreadcrumbList\",\"@id\":\"https:\/\/geomapsrl.it\/fr\/home\/#breadcrumb\",\"itemListElement\":[{\"@type\":\"ListItem\",\"position\":1,\"name\":\"Home\",\"item\":\"https:\/\/geomapsrl.it\/fr\/\"},{\"@type\":\"ListItem\",\"position\":2,\"name\":\"Accueil\"}]},{\"@type\":\"WebSite\",\"@id\":\"https:\/\/geomapsrl.it\/fr\/#website\",\"url\":\"https:\/\/geomapsrl.it\/fr\/\",\"name\":\"Geomap S.r.l.\",\"description\":\"L&#039;innovazione attraverso la tradizione\",\"publisher\":{\"@id\":\"https:\/\/geomapsrl.it\/fr\/#organization\"},\"potentialAction\":[{\"@type\":\"SearchAction\",\"target\":{\"@type\":\"EntryPoint\",\"urlTemplate\":\"https:\/\/geomapsrl.it\/fr\/?s={search_term_string}\"},\"query-input\":{\"@type\":\"PropertyValueSpecification\",\"valueRequired\":true,\"valueName\":\"search_term_string\"}}],\"inLanguage\":\"fr-FR\"},{\"@type\":\"Organization\",\"@id\":\"https:\/\/geomapsrl.it\/fr\/#organization\",\"name\":\"Geomap Srl\",\"url\":\"https:\/\/geomapsrl.it\/fr\/\",\"logo\":{\"@type\":\"ImageObject\",\"inLanguage\":\"fr-FR\",\"@id\":\"https:\/\/geomapsrl.it\/fr\/#\/schema\/logo\/image\/\",\"url\":\"https:\/\/geomapsrl.it\/wp\/wp-content\/uploads\/2020\/12\/Logo_geomapsrl_socing_2020.png\",\"contentUrl\":\"https:\/\/geomapsrl.it\/wp\/wp-content\/uploads\/2020\/12\/Logo_geomapsrl_socing_2020.png\",\"width\":1200,\"height\":233,\"caption\":\"Geomap Srl\"},\"image\":{\"@id\":\"https:\/\/geomapsrl.it\/fr\/#\/schema\/logo\/image\/\"},\"sameAs\":[\"https:\/\/www.facebook.com\/geomapsrl\",\"https:\/\/www.linkedin.com\/company\/geomap-srl\"]}]}<\/script>\n<!-- \/ Yoast SEO plugin. -->","yoast_head_json":{"title":"Accueil - Geomap S.r.l.","robots":{"index":"index","follow":"follow","max-snippet":"max-snippet:-1","max-image-preview":"max-image-preview:large","max-video-preview":"max-video-preview:-1"},"canonical":"https:\/\/geomapsrl.it\/fr\/home\/","og_locale":"fr_FR","og_type":"article","og_title":"Accueil - Geomap S.r.l.","og_url":"https:\/\/geomapsrl.it\/fr\/home\/","og_site_name":"Geomap S.r.l.","article_publisher":"https:\/\/www.facebook.com\/geomapsrl","article_modified_time":"2021-05-23T17:16:47+00:00","twitter_card":"summary_large_image","twitter_misc":{"Dur\u00e9e de lecture estim\u00e9e":"14 minutes"},"schema":{"@context":"https:\/\/schema.org","@graph":[{"@type":"WebPage","@id":"https:\/\/geomapsrl.it\/fr\/home\/","url":"https:\/\/geomapsrl.it\/fr\/home\/","name":"Accueil - Geomap S.r.l.","isPartOf":{"@id":"https:\/\/geomapsrl.it\/fr\/#website"},"datePublished":"2021-05-13T16:15:46+00:00","dateModified":"2021-05-23T17:16:47+00:00","breadcrumb":{"@id":"https:\/\/geomapsrl.it\/fr\/home\/#breadcrumb"},"inLanguage":"fr-FR","potentialAction":[{"@type":"ReadAction","target":["https:\/\/geomapsrl.it\/fr\/home\/"]}]},{"@type":"BreadcrumbList","@id":"https:\/\/geomapsrl.it\/fr\/home\/#breadcrumb","itemListElement":[{"@type":"ListItem","position":1,"name":"Home","item":"https:\/\/geomapsrl.it\/fr\/"},{"@type":"ListItem","position":2,"name":"Accueil"}]},{"@type":"WebSite","@id":"https:\/\/geomapsrl.it\/fr\/#website","url":"https:\/\/geomapsrl.it\/fr\/","name":"Geomap S.r.l.","description":"L&#039;innovazione attraverso la tradizione","publisher":{"@id":"https:\/\/geomapsrl.it\/fr\/#organization"},"potentialAction":[{"@type":"SearchAction","target":{"@type":"EntryPoint","urlTemplate":"https:\/\/geomapsrl.it\/fr\/?s={search_term_string}"},"query-input":{"@type":"PropertyValueSpecification","valueRequired":true,"valueName":"search_term_string"}}],"inLanguage":"fr-FR"},{"@type":"Organization","@id":"https:\/\/geomapsrl.it\/fr\/#organization","name":"Geomap Srl","url":"https:\/\/geomapsrl.it\/fr\/","logo":{"@type":"ImageObject","inLanguage":"fr-FR","@id":"https:\/\/geomapsrl.it\/fr\/#\/schema\/logo\/image\/","url":"https:\/\/geomapsrl.it\/wp\/wp-content\/uploads\/2020\/12\/Logo_geomapsrl_socing_2020.png","contentUrl":"https:\/\/geomapsrl.it\/wp\/wp-content\/uploads\/2020\/12\/Logo_geomapsrl_socing_2020.png","width":1200,"height":233,"caption":"Geomap Srl"},"image":{"@id":"https:\/\/geomapsrl.it\/fr\/#\/schema\/logo\/image\/"},"sameAs":["https:\/\/www.facebook.com\/geomapsrl","https:\/\/www.linkedin.com\/company\/geomap-srl"]}]}},"_links":{"self":[{"href":"https:\/\/geomapsrl.it\/fr\/wp-json\/wp\/v2\/pages\/719","targetHints":{"allow":["GET"]}}],"collection":[{"href":"https:\/\/geomapsrl.it\/fr\/wp-json\/wp\/v2\/pages"}],"about":[{"href":"https:\/\/geomapsrl.it\/fr\/wp-json\/wp\/v2\/types\/page"}],"author":[{"embeddable":true,"href":"https:\/\/geomapsrl.it\/fr\/wp-json\/wp\/v2\/users\/1"}],"replies":[{"embeddable":true,"href":"https:\/\/geomapsrl.it\/fr\/wp-json\/wp\/v2\/comments?post=719"}],"version-history":[{"count":21,"href":"https:\/\/geomapsrl.it\/fr\/wp-json\/wp\/v2\/pages\/719\/revisions"}],"predecessor-version":[{"id":1038,"href":"https:\/\/geomapsrl.it\/fr\/wp-json\/wp\/v2\/pages\/719\/revisions\/1038"}],"wp:attachment":[{"href":"https:\/\/geomapsrl.it\/fr\/wp-json\/wp\/v2\/media?parent=719"}],"curies":[{"name":"wp","href":"https:\/\/api.w.org\/{rel}","templated":true}]}}