{"id":796,"date":"2021-05-17T11:28:29","date_gmt":"2021-05-17T09:28:29","guid":{"rendered":"https:\/\/geomapsrl.it\/wp\/mission-et-vision-geomap\/"},"modified":"2021-05-17T11:28:30","modified_gmt":"2021-05-17T09:28:30","slug":"mission-et-vision-geomap","status":"publish","type":"page","link":"https:\/\/geomapsrl.it\/fr\/mission-et-vision-geomap\/","title":{"rendered":"Mission et Vision Geomap"},"content":{"rendered":"<div  class='avia-slideshow av-knomlxgl-aea7c17cd8df12c2a99c8460eae9f4b2 avia-slideshow-featured av_slideshow avia-slide-slider  avia-builder-el-0  el_before_av_section  avia-builder-el-no-sibling  av-slideshow-ui av-control-default av-slideshow-manual av-loop-once av-loop-manual-endless av-default-height-applied avia-slideshow-1' data-slideshow-options=\"{&quot;animation&quot;:&quot;slide&quot;,&quot;autoplay&quot;:false,&quot;loop_autoplay&quot;:&quot;once&quot;,&quot;interval&quot;:5,&quot;loop_manual&quot;:&quot;manual-endless&quot;,&quot;autoplay_stopper&quot;:false,&quot;noNavigation&quot;:false,&quot;bg_slider&quot;:false,&quot;keep_padding&quot;:false,&quot;hoverpause&quot;:false,&quot;show_slide_delay&quot;:0}\"  itemprop=\"image\" itemscope=\"itemscope\" itemtype=\"https:\/\/schema.org\/ImageObject\" ><ul class='avia-slideshow-inner ' style='padding-bottom: 37.988165680473%;'><li  class='avia-slideshow-slide av-knomlxgl-aea7c17cd8df12c2a99c8460eae9f4b2__0  av-single-slide slide-1 slide-odd'><div data-rel='slideshow-1' class='avia-slide-wrap '   ><div class='av-slideshow-caption av-knomlxgl-aea7c17cd8df12c2a99c8460eae9f4b2__0 avia-caption'><div class=\"avia-inner-caption\"><h2 class='avia-caption-title '  itemprop=\"name\" >Mission et Vision<\/h2><\/div><\/div><img decoding=\"async\" fetchpriority=\"high\" class=\"wp-image-799 avia-img-lazy-loading-not-799\"  src=\"https:\/\/geomapsrl.it\/wp\/wp-content\/uploads\/2021\/04\/CM_BANNER_MISSION_VISION.jpg\" width=\"845\" height=\"321\" title='CM_BANNER_MISSION_VISION' alt=''  itemprop=\"thumbnailUrl\" srcset=\"https:\/\/geomapsrl.it\/wp\/wp-content\/uploads\/2021\/04\/CM_BANNER_MISSION_VISION.jpg 845w, https:\/\/geomapsrl.it\/wp\/wp-content\/uploads\/2021\/04\/CM_BANNER_MISSION_VISION-300x114.jpg 300w, https:\/\/geomapsrl.it\/wp\/wp-content\/uploads\/2021\/04\/CM_BANNER_MISSION_VISION-768x292.jpg 768w, https:\/\/geomapsrl.it\/wp\/wp-content\/uploads\/2021\/04\/CM_BANNER_MISSION_VISION-705x268.jpg 705w\" sizes=\"(max-width: 845px) 100vw, 845px\" \/><\/div><\/li><\/ul><\/div>\n<\/div><\/div><\/div><!-- close content main div --><\/div><\/div><div id='av_section_1'  class='avia-section av-16d49-7366b3f4d65edefe6a8bc9704d1fc358 main_color avia-section-default avia-no-border-styling  avia-builder-el-1  el_after_av_slideshow  el_before_av_fullscreen  avia-bg-style-scroll container_wrap fullsize'  ><div class='container av-section-cont-open' ><div class='template-page content  av-content-full alpha units'><div class='post-entry post-entry-type-page post-entry-796'><div class='entry-content-wrapper clearfix'>\n\n<style type=\"text\/css\" data-created_by=\"avia_inline_auto\" id=\"style-css-av-1xplx-67963e05f0a6577c2f51de02a7efd94f\">\n#top .av-special-heading.av-1xplx-67963e05f0a6577c2f51de02a7efd94f{\npadding-bottom:10px;\n}\nbody .av-special-heading.av-1xplx-67963e05f0a6577c2f51de02a7efd94f .av-special-heading-tag .heading-char{\nfont-size:25px;\n}\n.av-special-heading.av-1xplx-67963e05f0a6577c2f51de02a7efd94f .av-subheading{\nfont-size:15px;\n}\n<\/style>\n<div  class='av-special-heading av-1xplx-67963e05f0a6577c2f51de02a7efd94f av-special-heading-h2  avia-builder-el-2  el_before_av_textblock  avia-builder-el-first '><h2 class='av-special-heading-tag '  itemprop=\"headline\"  >Vision<\/h2><div class=\"special-heading-border\"><div class=\"special-heading-inner-border\"><\/div><\/div><\/div>\n<section  class='av_textblock_section av-kifxm239-c74f2561b028d3c3aa910ffa486fbe64 '   itemscope=\"itemscope\" itemtype=\"https:\/\/schema.org\/CreativeWork\" ><div class='avia_textblock'  itemprop=\"text\" ><p><em><strong>L\u2019innovation par la tradition<\/strong><\/em> est la vision de la soci\u00e9t\u00e9 <strong>Geomap<\/strong>. Le chemin commenc\u00e9 en 1958 et poursuivi dans un souci de qualit\u00e9 des services offerts et conforme \u00e0 l\u2019\u00e9thique professionnelle, se poursuit en vue d\u2019une innovation continue, entendue comme application de nouvelles technologies et comme exploration de nouveaux march\u00e9s, sans pr\u00e9judice des principes solides qui ont toujours marqu\u00e9 les activit\u00e9s de <strong>Geomap<\/strong>.<\/p>\n<\/div><\/section>\n\n<style type=\"text\/css\" data-created_by=\"avia_inline_auto\" id=\"style-css-av-1b6t1-1eb6a6c94d83e345cdf302c33fa3cc65\">\n#top .av-special-heading.av-1b6t1-1eb6a6c94d83e345cdf302c33fa3cc65{\npadding-bottom:10px;\n}\nbody .av-special-heading.av-1b6t1-1eb6a6c94d83e345cdf302c33fa3cc65 .av-special-heading-tag .heading-char{\nfont-size:25px;\n}\n.av-special-heading.av-1b6t1-1eb6a6c94d83e345cdf302c33fa3cc65 .av-subheading{\nfont-size:15px;\n}\n<\/style>\n<div  class='av-special-heading av-1b6t1-1eb6a6c94d83e345cdf302c33fa3cc65 av-special-heading-h2  avia-builder-el-4  el_after_av_textblock  el_before_av_textblock '><h2 class='av-special-heading-tag '  itemprop=\"headline\"  >Mission<\/h2><div class=\"special-heading-border\"><div class=\"special-heading-inner-border\"><\/div><\/div><\/div>\n<section  class='av_textblock_section av-kifxni0a-11bc7a7f31f8bb2928889ba2926503db '   itemscope=\"itemscope\" itemtype=\"https:\/\/schema.org\/CreativeWork\" ><div class='avia_textblock'  itemprop=\"text\" ><p>La mission de <strong>Geomap<\/strong> est adh\u00e9rente au chemin trac\u00e9 jusqu\u2019ici et \u00e0 la vision de la soci\u00e9t\u00e9 : le contenu de nos travaux, expression d\u2019une combinaison de d\u00e9cennies d\u2019exp\u00e9rience et de nouvelles technologies, il ne n\u00e9glige jamais les finalit\u00e9s des applications et les objectifs assign\u00e9s, dans le respect de l\u2019\u00e9thique professionnelle et des besoins des clients.<\/p>\n<\/div><\/section>\n\n<style type=\"text\/css\" data-created_by=\"avia_inline_auto\" id=\"style-css-av-nmi5-023c215c8623bd40052f010e8f7910ba\">\n#top .av-special-heading.av-nmi5-023c215c8623bd40052f010e8f7910ba{\npadding-bottom:10px;\n}\nbody .av-special-heading.av-nmi5-023c215c8623bd40052f010e8f7910ba .av-special-heading-tag .heading-char{\nfont-size:25px;\n}\n.av-special-heading.av-nmi5-023c215c8623bd40052f010e8f7910ba .av-subheading{\nfont-size:15px;\n}\n<\/style>\n<div  class='av-special-heading av-nmi5-023c215c8623bd40052f010e8f7910ba av-special-heading-h2  avia-builder-el-6  el_after_av_textblock  el_before_av_textblock '><h2 class='av-special-heading-tag '  itemprop=\"headline\"  >Exp\u00e9rience<\/h2><div class=\"special-heading-border\"><div class=\"special-heading-inner-border\"><\/div><\/div><\/div>\n<section  class='av_textblock_section av-kifxni0a-11bc7a7f31f8bb2928889ba2926503db '   itemscope=\"itemscope\" itemtype=\"https:\/\/schema.org\/CreativeWork\" ><div class='avia_textblock'  itemprop=\"text\" ><p>L\u2019exp\u00e9rience de <strong>Geomap<\/strong> est bas\u00e9e sur plus de 600 projets couvrant plus de 35 millions de kilom\u00e8tres carr\u00e9s, r\u00e9partis sur quatre continents. <strong>Geomap<\/strong> est \u00e9galement op\u00e9rationnel dans des activit\u00e9s multidisciplinaires pour lesquelles il fait appel aux services d\u2019entreprises, de bureaux d\u2019\u00e9tudes et de professionnels comp\u00e9tents dans des secteurs sp\u00e9cifiques.<\/p>\n<\/div><\/section>\n<\/div><\/div><\/div><!-- close content main div --><\/div><\/div><div   class='avia-fullscreen-slider main_color   avia-builder-el-8  el_after_av_section  avia-builder-el-last  slider-not-first container_wrap fullsize'  ><a href='#next-section' title='' class='scroll-down-link av-control-hidden avia-svg-icon avia-font-svg_entypo-fontello' data-av_svg_icon='down-open-mini' data-av_iconset='svg_entypo-fontello'><svg version=\"1.1\" xmlns=\"http:\/\/www.w3.org\/2000\/svg\" width=\"15\" height=\"32\" viewBox=\"0 0 15 32\" preserveAspectRatio=\"xMidYMid meet\" aria-labelledby='av-svg-title-1' aria-describedby='av-svg-desc-1' role=\"graphics-symbol\" aria-hidden=\"true\">\n<title id='av-svg-title-1'>Scroller vers la prochaine section<\/title>\n<desc id='av-svg-desc-1'>Scroller vers la prochaine section<\/desc>\n<path d=\"M12.96 12.16q0.704-0.832 1.536 0 0.832 0.704 0 1.536l-6.272 6.144q-0.704 0.704-1.536 0l-6.272-6.144q-0.832-0.832 0-1.536 0.768-0.768 1.6 0l5.44 4.992z\"><\/path>\n<\/svg><\/a><div  class='avia-slideshow av-4hj4r-3457f4892d14bca191fcecaa699b5cfd avia-slideshow-large av_fullscreen avia-fade-slider av-slideshow-ui av-control-hidden av-no-slider-navigation av-hide-nav-arrows av-slideshow-autoplay av-loop-endless av-loop-manual-endless av-slider-scroll-down-active av-default-height-applied   avia-slideshow-2' data-slideshow-options=\"{&quot;animation&quot;:&quot;fade&quot;,&quot;autoplay&quot;:true,&quot;loop_autoplay&quot;:&quot;endless&quot;,&quot;interval&quot;:5,&quot;loop_manual&quot;:&quot;manual-endless&quot;,&quot;autoplay_stopper&quot;:false,&quot;noNavigation&quot;:true,&quot;bg_slider&quot;:true,&quot;keep_padding&quot;:false,&quot;hoverpause&quot;:false,&quot;show_slide_delay&quot;:0,&quot;slide_height&quot;:&quot;100&quot;,&quot;image_attachment&quot;:&quot;&quot;}\"  itemprop=\"image\" itemscope=\"itemscope\" itemtype=\"https:\/\/schema.org\/ImageObject\" ><ul class='avia-slideshow-inner ' style='padding-bottom: 38.078291814947%;'><li style='background-position:center center;' data-img-url='https:\/\/geomapsrl.it\/wp\/wp-content\/uploads\/2020\/12\/slider_campagna1.jpg' class='avia-slideshow-slide av-4hj4r-3457f4892d14bca191fcecaa699b5cfd__0  slide-1 slide-odd'><div data-rel='slideshow-2' class='avia-slide-wrap '   ><\/div><\/li><li style='background-position:center center;' data-img-url='https:\/\/geomapsrl.it\/wp\/wp-content\/uploads\/2020\/12\/slider_campagna3.jpg' class='avia-slideshow-slide av-4hj4r-3457f4892d14bca191fcecaa699b5cfd__1  slide-2 slide-even'><div data-rel='slideshow-2' class='avia-slide-wrap '   ><\/div><\/li><li style='background-position:center center;' data-img-url='https:\/\/geomapsrl.it\/wp\/wp-content\/uploads\/2020\/12\/slider_campagna4.jpg' class='avia-slideshow-slide av-4hj4r-3457f4892d14bca191fcecaa699b5cfd__2  slide-3 slide-odd'><div data-rel='slideshow-2' class='avia-slide-wrap '   ><\/div><\/li><li style='background-position:center center;' data-img-url='https:\/\/geomapsrl.it\/wp\/wp-content\/uploads\/2020\/12\/slider_campagna8.jpg' class='avia-slideshow-slide av-4hj4r-3457f4892d14bca191fcecaa699b5cfd__3  slide-4 slide-even'><div data-rel='slideshow-2' class='avia-slide-wrap '   ><\/div><\/li><li style='background-position:center center;' data-img-url='https:\/\/geomapsrl.it\/wp\/wp-content\/uploads\/2020\/12\/slider_immagini1.jpg' class='avia-slideshow-slide av-4hj4r-3457f4892d14bca191fcecaa699b5cfd__4  slide-5 slide-odd'><div data-rel='slideshow-2' class='avia-slide-wrap '   ><\/div><\/li><li style='background-position:center center;' data-img-url='https:\/\/geomapsrl.it\/wp\/wp-content\/uploads\/2020\/12\/slider_immagini2.jpg' class='avia-slideshow-slide av-4hj4r-3457f4892d14bca191fcecaa699b5cfd__5  slide-6 slide-even'><div data-rel='slideshow-2' class='avia-slide-wrap '   ><\/div><\/li><\/ul><div class='avia-slideshow-arrows avia-slideshow-controls' ><a href='#prev' class='prev-slide  avia-svg-icon avia-font-svg_entypo-fontello' data-av_svg_icon='left-open-big' data-av_iconset='svg_entypo-fontello' tabindex='-1' title=\"Pr\u00e9c\u00e9dent\"><svg version=\"1.1\" xmlns=\"http:\/\/www.w3.org\/2000\/svg\" width=\"15\" height=\"32\" viewBox=\"0 0 15 32\" preserveAspectRatio=\"xMidYMid meet\" aria-labelledby='av-svg-title-2' aria-describedby='av-svg-desc-2' role=\"graphics-symbol\" aria-hidden=\"true\">\n<title id='av-svg-title-2'>Pr\u00e9c\u00e9dent<\/title>\n<desc id='av-svg-desc-2'>Pr\u00e9c\u00e9dent<\/desc>\n<path d=\"M14.464 27.84q0.832 0.832 0 1.536-0.832 0.832-1.536 0l-12.544-12.608q-0.768-0.768 0-1.6l12.544-12.608q0.704-0.832 1.536 0 0.832 0.704 0 1.536l-11.456 11.904z\"><\/path>\n<\/svg><span class='avia_hidden_link_text'>Pr\u00e9c\u00e9dent<\/span><\/a><a href='#next' class='next-slide  avia-svg-icon avia-font-svg_entypo-fontello' data-av_svg_icon='right-open-big' data-av_iconset='svg_entypo-fontello' tabindex='-1' title=\"Suivant\"><svg version=\"1.1\" xmlns=\"http:\/\/www.w3.org\/2000\/svg\" width=\"15\" height=\"32\" viewBox=\"0 0 15 32\" preserveAspectRatio=\"xMidYMid meet\" aria-labelledby='av-svg-title-3' aria-describedby='av-svg-desc-3' role=\"graphics-symbol\" aria-hidden=\"true\">\n<title id='av-svg-title-3'>Suivant<\/title>\n<desc id='av-svg-desc-3'>Suivant<\/desc>\n<path d=\"M0.416 27.84l11.456-11.84-11.456-11.904q-0.832-0.832 0-1.536 0.832-0.832 1.536 0l12.544 12.608q0.768 0.832 0 1.6l-12.544 12.608q-0.704 0.832-1.536 0-0.832-0.704 0-1.536z\"><\/path>\n<\/svg><span class='avia_hidden_link_text'>Suivant<\/span><\/a><\/div><div class='av-slideshow-caption av-4hj4r-3457f4892d14bca191fcecaa699b5cfd__0 caption_fullwidth caption_bottom'><div class=\"container caption_container\"><div class=\"slideshow_caption\"><div class=\"slideshow_inner_caption\"><div class=\"slideshow_align_caption\"><h2 class='avia-caption-title '  itemprop=\"name\" >L\u2019INNOVATION PAR LA TRADITION<\/h2><\/div><\/div><\/div><\/div><\/div><\/div><\/div><\/p>\n","protected":false},"excerpt":{"rendered":"","protected":false},"author":1,"featured_media":0,"parent":0,"menu_order":0,"comment_status":"closed","ping_status":"closed","template":"","meta":{"footnotes":""},"class_list":["post-796","page","type-page","status-publish","hentry"],"yoast_head":"<!-- This site is optimized with the Yoast SEO plugin v25.3.1 - https:\/\/yoast.com\/wordpress\/plugins\/seo\/ -->\n<title>Mission et Vision Geomap - Geomap S.r.l.<\/title>\n<meta name=\"robots\" content=\"index, follow, max-snippet:-1, max-image-preview:large, max-video-preview:-1\" \/>\n<link rel=\"canonical\" href=\"https:\/\/geomapsrl.it\/fr\/mission-et-vision-geomap\/\" \/>\n<meta property=\"og:locale\" content=\"fr_FR\" \/>\n<meta property=\"og:type\" content=\"article\" \/>\n<meta property=\"og:title\" content=\"Mission et Vision Geomap - Geomap S.r.l.\" \/>\n<meta property=\"og:url\" content=\"https:\/\/geomapsrl.it\/fr\/mission-et-vision-geomap\/\" \/>\n<meta property=\"og:site_name\" content=\"Geomap S.r.l.\" \/>\n<meta property=\"article:publisher\" content=\"https:\/\/www.facebook.com\/geomapsrl\" \/>\n<meta property=\"article:modified_time\" content=\"2021-05-17T09:28:30+00:00\" \/>\n<meta name=\"twitter:card\" content=\"summary_large_image\" \/>\n<meta name=\"twitter:label1\" content=\"Dur\u00e9e de lecture estim\u00e9e\" \/>\n\t<meta name=\"twitter:data1\" content=\"8 minutes\" \/>\n<script type=\"application\/ld+json\" class=\"yoast-schema-graph\">{\"@context\":\"https:\/\/schema.org\",\"@graph\":[{\"@type\":\"WebPage\",\"@id\":\"https:\/\/geomapsrl.it\/fr\/mission-et-vision-geomap\/\",\"url\":\"https:\/\/geomapsrl.it\/fr\/mission-et-vision-geomap\/\",\"name\":\"Mission et Vision Geomap - Geomap S.r.l.\",\"isPartOf\":{\"@id\":\"https:\/\/geomapsrl.it\/fr\/#website\"},\"datePublished\":\"2021-05-17T09:28:29+00:00\",\"dateModified\":\"2021-05-17T09:28:30+00:00\",\"breadcrumb\":{\"@id\":\"https:\/\/geomapsrl.it\/fr\/mission-et-vision-geomap\/#breadcrumb\"},\"inLanguage\":\"fr-FR\",\"potentialAction\":[{\"@type\":\"ReadAction\",\"target\":[\"https:\/\/geomapsrl.it\/fr\/mission-et-vision-geomap\/\"]}]},{\"@type\":\"BreadcrumbList\",\"@id\":\"https:\/\/geomapsrl.it\/fr\/mission-et-vision-geomap\/#breadcrumb\",\"itemListElement\":[{\"@type\":\"ListItem\",\"position\":1,\"name\":\"Home\",\"item\":\"https:\/\/geomapsrl.it\/fr\/\"},{\"@type\":\"ListItem\",\"position\":2,\"name\":\"Mission et Vision Geomap\"}]},{\"@type\":\"WebSite\",\"@id\":\"https:\/\/geomapsrl.it\/fr\/#website\",\"url\":\"https:\/\/geomapsrl.it\/fr\/\",\"name\":\"Geomap S.r.l.\",\"description\":\"L&#039;innovazione attraverso la tradizione\",\"publisher\":{\"@id\":\"https:\/\/geomapsrl.it\/fr\/#organization\"},\"potentialAction\":[{\"@type\":\"SearchAction\",\"target\":{\"@type\":\"EntryPoint\",\"urlTemplate\":\"https:\/\/geomapsrl.it\/fr\/?s={search_term_string}\"},\"query-input\":{\"@type\":\"PropertyValueSpecification\",\"valueRequired\":true,\"valueName\":\"search_term_string\"}}],\"inLanguage\":\"fr-FR\"},{\"@type\":\"Organization\",\"@id\":\"https:\/\/geomapsrl.it\/fr\/#organization\",\"name\":\"Geomap Srl\",\"url\":\"https:\/\/geomapsrl.it\/fr\/\",\"logo\":{\"@type\":\"ImageObject\",\"inLanguage\":\"fr-FR\",\"@id\":\"https:\/\/geomapsrl.it\/fr\/#\/schema\/logo\/image\/\",\"url\":\"https:\/\/geomapsrl.it\/wp\/wp-content\/uploads\/2020\/12\/Logo_geomapsrl_socing_2020.png\",\"contentUrl\":\"https:\/\/geomapsrl.it\/wp\/wp-content\/uploads\/2020\/12\/Logo_geomapsrl_socing_2020.png\",\"width\":1200,\"height\":233,\"caption\":\"Geomap Srl\"},\"image\":{\"@id\":\"https:\/\/geomapsrl.it\/fr\/#\/schema\/logo\/image\/\"},\"sameAs\":[\"https:\/\/www.facebook.com\/geomapsrl\",\"https:\/\/www.linkedin.com\/company\/geomap-srl\"]}]}<\/script>\n<!-- \/ Yoast SEO plugin. -->","yoast_head_json":{"title":"Mission et Vision Geomap - Geomap S.r.l.","robots":{"index":"index","follow":"follow","max-snippet":"max-snippet:-1","max-image-preview":"max-image-preview:large","max-video-preview":"max-video-preview:-1"},"canonical":"https:\/\/geomapsrl.it\/fr\/mission-et-vision-geomap\/","og_locale":"fr_FR","og_type":"article","og_title":"Mission et Vision Geomap - Geomap S.r.l.","og_url":"https:\/\/geomapsrl.it\/fr\/mission-et-vision-geomap\/","og_site_name":"Geomap S.r.l.","article_publisher":"https:\/\/www.facebook.com\/geomapsrl","article_modified_time":"2021-05-17T09:28:30+00:00","twitter_card":"summary_large_image","twitter_misc":{"Dur\u00e9e de lecture estim\u00e9e":"8 minutes"},"schema":{"@context":"https:\/\/schema.org","@graph":[{"@type":"WebPage","@id":"https:\/\/geomapsrl.it\/fr\/mission-et-vision-geomap\/","url":"https:\/\/geomapsrl.it\/fr\/mission-et-vision-geomap\/","name":"Mission et Vision Geomap - Geomap S.r.l.","isPartOf":{"@id":"https:\/\/geomapsrl.it\/fr\/#website"},"datePublished":"2021-05-17T09:28:29+00:00","dateModified":"2021-05-17T09:28:30+00:00","breadcrumb":{"@id":"https:\/\/geomapsrl.it\/fr\/mission-et-vision-geomap\/#breadcrumb"},"inLanguage":"fr-FR","potentialAction":[{"@type":"ReadAction","target":["https:\/\/geomapsrl.it\/fr\/mission-et-vision-geomap\/"]}]},{"@type":"BreadcrumbList","@id":"https:\/\/geomapsrl.it\/fr\/mission-et-vision-geomap\/#breadcrumb","itemListElement":[{"@type":"ListItem","position":1,"name":"Home","item":"https:\/\/geomapsrl.it\/fr\/"},{"@type":"ListItem","position":2,"name":"Mission et Vision Geomap"}]},{"@type":"WebSite","@id":"https:\/\/geomapsrl.it\/fr\/#website","url":"https:\/\/geomapsrl.it\/fr\/","name":"Geomap S.r.l.","description":"L&#039;innovazione attraverso la tradizione","publisher":{"@id":"https:\/\/geomapsrl.it\/fr\/#organization"},"potentialAction":[{"@type":"SearchAction","target":{"@type":"EntryPoint","urlTemplate":"https:\/\/geomapsrl.it\/fr\/?s={search_term_string}"},"query-input":{"@type":"PropertyValueSpecification","valueRequired":true,"valueName":"search_term_string"}}],"inLanguage":"fr-FR"},{"@type":"Organization","@id":"https:\/\/geomapsrl.it\/fr\/#organization","name":"Geomap Srl","url":"https:\/\/geomapsrl.it\/fr\/","logo":{"@type":"ImageObject","inLanguage":"fr-FR","@id":"https:\/\/geomapsrl.it\/fr\/#\/schema\/logo\/image\/","url":"https:\/\/geomapsrl.it\/wp\/wp-content\/uploads\/2020\/12\/Logo_geomapsrl_socing_2020.png","contentUrl":"https:\/\/geomapsrl.it\/wp\/wp-content\/uploads\/2020\/12\/Logo_geomapsrl_socing_2020.png","width":1200,"height":233,"caption":"Geomap Srl"},"image":{"@id":"https:\/\/geomapsrl.it\/fr\/#\/schema\/logo\/image\/"},"sameAs":["https:\/\/www.facebook.com\/geomapsrl","https:\/\/www.linkedin.com\/company\/geomap-srl"]}]}},"_links":{"self":[{"href":"https:\/\/geomapsrl.it\/fr\/wp-json\/wp\/v2\/pages\/796","targetHints":{"allow":["GET"]}}],"collection":[{"href":"https:\/\/geomapsrl.it\/fr\/wp-json\/wp\/v2\/pages"}],"about":[{"href":"https:\/\/geomapsrl.it\/fr\/wp-json\/wp\/v2\/types\/page"}],"author":[{"embeddable":true,"href":"https:\/\/geomapsrl.it\/fr\/wp-json\/wp\/v2\/users\/1"}],"replies":[{"embeddable":true,"href":"https:\/\/geomapsrl.it\/fr\/wp-json\/wp\/v2\/comments?post=796"}],"version-history":[{"count":2,"href":"https:\/\/geomapsrl.it\/fr\/wp-json\/wp\/v2\/pages\/796\/revisions"}],"predecessor-version":[{"id":798,"href":"https:\/\/geomapsrl.it\/fr\/wp-json\/wp\/v2\/pages\/796\/revisions\/798"}],"wp:attachment":[{"href":"https:\/\/geomapsrl.it\/fr\/wp-json\/wp\/v2\/media?parent=796"}],"curies":[{"name":"wp","href":"https:\/\/api.w.org\/{rel}","templated":true}]}}